{"id":1777,"date":"2017-04-11T11:12:07","date_gmt":"2017-04-11T09:12:07","guid":{"rendered":"https:\/\/www.dharma-speedway.de\/slotcar\/?page_id=1777"},"modified":"2018-01-06T18:21:20","modified_gmt":"2018-01-06T17:21:20","slug":"technikallgemein","status":"publish","type":"page","link":"https:\/\/www.e-o-s.info\/slotcar\/technikallgemein\/","title":{"rendered":"Technik allgemein"},"content":{"rendered":"<p><img decoding=\"async\" src=\"https:\/\/www.e-o-s.info\/slotcar\/wp-content\/uploads\/2018\/01\/TECHNIKtitle.jpg\" alt=\"\" width=100% \/><br \/>\nDigitaltechnik:<\/p>\n<p>Zugelassen sind alle Carrera Digital 132 kompatiblen Decoder. Je nach Verhalten des Decoders kann eine abweichende Einstellung der Geschwindigkeit sowie des Bremsverhaltens erfolgen. Dieses wird anhand eines Vergleichsfahrzeuges ermittelt.<\/p>\n<p>Geschwindigkeit- und Bremseinstellungen:<\/p>\n<p>Die Einstellungen ergeben sich aus den Fahrzeugkategorien. Auf Wunsch k\u00f6nnen geringere Werte gew\u00e4hlt werden.<\/p>\n<p>\u00dcbersetzungen:<\/p>\n<p>Es gelten die jeweiligen Vorgaben der entsprechenden Fahrzeug-Kategorie. Sollte ein Fahrzeug nicht mit der entsprechenden \u00dcbersetzung ausgestattet sein, so wird die Geschwindigkeitsstufe angepasst. Die passende Stufe wird entsprechend des Verh\u00e4ltnisses zur vorgeschriebenen \u00dcbersetzung ausgerechnet und abgerundet.<br \/>\n(Bsp: Kategorie GT 11\/29 statt 11\/34, Faktor 117,24 %, Stufe = 3\/1,1724 = 2,558 -&gt; Stufe 2,5)<\/p>\n<p>Motor:<\/p>\n<p>Es gelten die jeweiligen Vorgaben der entsprechenden Fahrzeug-Kategorie. Sollte ein Fahrzeug mit einem schw\u00e4cheren Motor als 25K ausgestattet sein, so wird die Geschwindigkeitsstufe angepasst. Die passende Stufe wird entsprechend des Verh\u00e4ltnisses zur Umdrehungszahl 25.000 ausgerechnet und abgerundet.<br \/>\n(Bsp: Kategorie LMP 21.000 statt 25.000, Faktor 84 %, Stufe = 3\/0,84 = 3,571 -&gt; Stufe 3,5)<\/p>\n<p>Antriebsart:<\/p>\n<p>Die Antriebsart ergibt sich aus der jeweiligen Fahrzeugkategorie.<\/p>\n<p>Magnete:<\/p>\n<p>Die Zul\u00e4ssigkeit von Magneten ergibt sich aus der jeweiligen Fahrzeugkategorie.<\/p>\n<p>Mindestgewicht:<\/p>\n<p>Das Mindestgewicht ergibt sich aus der jeweiligen Fahrzeugkategorie.<\/p>\n<p>Zusatzgewichte:<\/p>\n<p>Zusatzgewichte sind zugelassen. Diese m\u00fcssen sich innerhalb des Fahrzeugs befinden und bei Rennstart fixiert sein. Ein Maximalgewicht ist nicht vorgeschrieben.<\/p>\n<p>Felgen:<\/p>\n<p>Felgen m\u00fcssen dem Auslieferungszustand des Fahrzeuges entsprechen. Es ist erlaubt baugleiche Felgen aus einem anderen Material zu verwenden, solange sich die Abmessungen nicht \u00e4ndern.<\/p>\n<p>Reifen:<\/p>\n<p>Vorderreifen m\u00fcssen dem Auslieferungszustand des Fahrzeuges entsprechen und d\u00fcrfen nicht geschliffen oder versiegelt sein. F\u00fcr die Hinterreifen sind PU-Reifen von Ortmann vorgeschrieben. Als Gr\u00f6\u00dfe ist die entsprechende Reifenliste von Ortmann als Referenz zu nehmen.<\/p>\n<p>Beleuchtung:<\/p>\n<p>Schreibt eine Fahrzeugkategorie eine Fahrzeugbeleuchtung vor, so sind f\u00fcr die Scheinwerfer vorne wei\u00dfe, gelbe oder xenon-blaue LEDs zu w\u00e4hlen. R\u00fcck- und Bremslichter sind nur in rot zugelassen.<\/p>\n","protected":false},"excerpt":{"rendered":"<p>Digitaltechnik: Zugelassen sind alle Carrera Digital 132 kompatiblen Decoder. Je nach Verhalten &#8230;<\/p>\n","protected":false},"author":1,"featured_media":0,"parent":0,"menu_order":0,"comment_status":"closed","ping_status":"closed","template":"","meta":{"footnotes":""},"class_list":["post-1777","page","type-page","status-publish","hentry"],"_links":{"self":[{"href":"https:\/\/www.e-o-s.info\/slotcar\/wp-json\/wp\/v2\/pages\/1777","targetHints":{"allow":["GET"]}}],"collection":[{"href":"https:\/\/www.e-o-s.info\/slotcar\/wp-json\/wp\/v2\/pages"}],"about":[{"href":"https:\/\/www.e-o-s.info\/slotcar\/wp-json\/wp\/v2\/types\/page"}],"author":[{"embeddable":true,"href":"https:\/\/www.e-o-s.info\/slotcar\/wp-json\/wp\/v2\/users\/1"}],"replies":[{"embeddable":true,"href":"https:\/\/www.e-o-s.info\/slotcar\/wp-json\/wp\/v2\/comments?post=1777"}],"version-history":[{"count":18,"href":"https:\/\/www.e-o-s.info\/slotcar\/wp-json\/wp\/v2\/pages\/1777\/revisions"}],"predecessor-version":[{"id":3571,"href":"https:\/\/www.e-o-s.info\/slotcar\/wp-json\/wp\/v2\/pages\/1777\/revisions\/3571"}],"wp:attachment":[{"href":"https:\/\/www.e-o-s.info\/slotcar\/wp-json\/wp\/v2\/media?parent=1777"}],"curies":[{"name":"wp","href":"https:\/\/api.w.org\/{rel}","templated":true}]}}