{"id":1809,"date":"2017-04-11T12:18:58","date_gmt":"2017-04-11T10:18:58","guid":{"rendered":"https:\/\/www.dharma-speedway.de\/slotcar\/?page_id=1809"},"modified":"2018-01-06T18:21:50","modified_gmt":"2018-01-06T17:21:50","slug":"qualifikation-und-rennen","status":"publish","type":"page","link":"https:\/\/www.e-o-s.info\/slotcar\/qualifikation-und-rennen\/","title":{"rendered":"Qualifikation und Rennen"},"content":{"rendered":"<p><img decoding=\"async\" src=\"https:\/\/www.e-o-s.info\/slotcar\/wp-content\/uploads\/2018\/01\/RENNENtitle.jpg\" alt=\"\" width=100% \/><br \/>\n<em><strong>Qualifikation:<\/strong><\/em><\/p>\n<p>Qualifikationsdauer:<\/p>\n<p>Die L\u00e4nge der Qualifikation betr\u00e4gt 10 Minuten. Unterbrechungen durch Unf\u00e4lle f\u00fchren nicht zur Unterbrechung des Ablaufens der Zeit. Die Anzahl der gefahrenen Runden ist freigestellt.<\/p>\n<p>Fahrer, welche gerade pausieren m\u00fcssen ihre Fahrzeuge neben der Strecke abstellen.<\/p>\n<p>Unf\u00e4lle:<\/p>\n<p>Bei einem Unfall ist unverz\u00fcglich die Stop-Taste zu dr\u00fccken. Das Fahrzeug wird geborgen und in der Boxengasse wieder eingesetzt.<\/p>\n<p>Bei einem Unfall wird der betroffene Fahrer mit einem Strafpunkt belegt. Unf\u00e4lle, welche durch die Beschaffenheit der Bahn verursacht werden (Weichenprobleme oder \u00e4hnliches) werden hierbei nicht gez\u00e4hlt.<\/p>\n<p>Ist bei einem Unfall mit zwei oder mehr Beteiligten ein Verursacher eindeutig festzustellen, so erh\u00e4lt dieser Fahrer 2 Strafpunkte.<\/p>\n<p>Bei Unf\u00e4llen mit einem Ghostcar ist das Ghostcar generell als unschuldig zu werten.<\/p>\n<p>Ist kein eindeutiger Verursacher festzustellen, so wird der Unfall wie ein Unfall ohne Fremdbeteiligung gewertet.<\/p>\n<p>Bei erreichen von 3 Strafpunkten wird f\u00fcr den Fahrer das Qualifying beendet.<\/p>\n<p>Bei erreichen von 4 Strafpunkten wird f\u00fcr den Fahrer das Qualifying beendet und der Fahrer wird disqualifiziert. Im Rennen wird der Fahrer entsprechend an die letzte Position der Startaufstellung gestellt (kommen Ghostcars zum Einsatz, dann auch hinter die Ghostcars). Werden mehrere Teilnehmer disqualifiziert, so entscheidet die Teilnahmedauer \u00fcber die Reihenfolge (der zuerst disqualifizierte auf dem letzten Platz, der als zweites disqualifizierte auf den vorletzten Platz usw.).<\/p>\n<p><em><strong>Rennen:<\/strong><\/em><\/p>\n<p>Rennl\u00e4nge:<\/p>\n<p>Die Renndistanz betr\u00e4gt 1850m wobei die letzte Runde zuende gefahren wird. (Beispiel: Kursl\u00e4nge 15,12m = 122,35 Runden -&gt; 123 Runden)<\/p>\n<p>Tankf\u00fcllung:<\/p>\n<p>Die Fahrer starten mit der Tankf\u00fcllung, welche beim Ende des Qualifyings vorhanden war.<\/p>\n<p>Unf\u00e4lle:<\/p>\n<p>Bei einem Unfall ist unverz\u00fcglich die Stop-Taste zu dr\u00fccken. Das Fahrzeug wird geborgen und in der Boxengasse wieder eingesetzt. Rollt ein Fahrzeug nach Dr\u00fccken der Stop-Taste \u00fcber die Start\/Ziel Linie ohne dass die Runde gez\u00e4hlt wird, so wird das betroffene Fahrzeug vor dem Restart vor die Ziellinie gesetzt.<\/p>\n<p>Bei einem Unfall wird der betroffene Fahrer mit einem Strafpunkt belegt. Unf\u00e4lle, welche durch die Beschaffenheit der Bahn verursacht werden (Weichenprobleme oder \u00e4hnliches) werden hierbei nicht gez\u00e4hlt.<\/p>\n<p>Ist bei einem Unfall mit zwei oder mehr Beteiligten ein Verursacher eindeutig festzustellen, so erh\u00e4lt dieser Fahrer 2 Strafpunkte.<\/p>\n<p>Ist kein eindeutiger Verursacher festzustellen, so wird der Unfall wie ein Unfall ohne Fremdbeteiligung gewertet.<\/p>\n<p>Bei erreichen von 6 Strafpunkten wird f\u00fcr den Fahrer das Rennen beendet und nicht gewertet.<\/p>\n<p>Ghostcars:<\/p>\n<p>Bei 4 oder weniger Teilnehmern werden bis zu 2 Ghostcars eingesetzt. Das zweite Ghostcar wird wie das Safety-Car programmiert.<\/p>\n<p>Punktevergabe:<\/p>\n<p>Platz 1: 9 Punkte<br \/>\nPlatz 2: 6 Punkte<br \/>\nPlatz 3: 4 Punkte<br \/>\nPlatz 4: 3 Punkte<br \/>\nPlatz 5: 2 Punkte<br \/>\nPlatz 6: 1 Punkt<\/p>\n<p>Ghostcars werden bei der Punktevergabe mit ber\u00fccksichtigt.<\/p>\n<p>Schnellste Rennrunde: 1 Punkt<br \/>\nPole-Position: 1 Punkt<\/p>\n","protected":false},"excerpt":{"rendered":"<p>Qualifikation: Qualifikationsdauer: Die L\u00e4nge der Qualifikation betr\u00e4gt 10 Minuten. Unterbrechungen durch Unf\u00e4lle &#8230;<\/p>\n","protected":false},"author":1,"featured_media":0,"parent":0,"menu_order":0,"comment_status":"closed","ping_status":"closed","template":"","meta":{"footnotes":""},"class_list":["post-1809","page","type-page","status-publish","hentry"],"_links":{"self":[{"href":"https:\/\/www.e-o-s.info\/slotcar\/wp-json\/wp\/v2\/pages\/1809","targetHints":{"allow":["GET"]}}],"collection":[{"href":"https:\/\/www.e-o-s.info\/slotcar\/wp-json\/wp\/v2\/pages"}],"about":[{"href":"https:\/\/www.e-o-s.info\/slotcar\/wp-json\/wp\/v2\/types\/page"}],"author":[{"embeddable":true,"href":"https:\/\/www.e-o-s.info\/slotcar\/wp-json\/wp\/v2\/users\/1"}],"replies":[{"embeddable":true,"href":"https:\/\/www.e-o-s.info\/slotcar\/wp-json\/wp\/v2\/comments?post=1809"}],"version-history":[{"count":24,"href":"https:\/\/www.e-o-s.info\/slotcar\/wp-json\/wp\/v2\/pages\/1809\/revisions"}],"predecessor-version":[{"id":3572,"href":"https:\/\/www.e-o-s.info\/slotcar\/wp-json\/wp\/v2\/pages\/1809\/revisions\/3572"}],"wp:attachment":[{"href":"https:\/\/www.e-o-s.info\/slotcar\/wp-json\/wp\/v2\/media?parent=1809"}],"curies":[{"name":"wp","href":"https:\/\/api.w.org\/{rel}","templated":true}]}}